{"id":120,"date":"2025-08-19T07:37:54","date_gmt":"2025-08-19T07:37:54","guid":{"rendered":"https:\/\/tandartsdoornenburg.nl\/?page_id=120"},"modified":"2026-03-14T11:10:04","modified_gmt":"2026-03-14T11:10:04","slug":"mondhygiene","status":"publish","type":"page","link":"https:\/\/tandartsdoornenburg.nl\/?page_id=120","title":{"rendered":"Mondhygi\u00ebne"},"content":{"rendered":"\n<p class=\" eplus-wrapper\"><\/p>\n\n\n<div class=\"wp-block-columns eplus-wrapper is-layout-flex wp-container-core-columns-is-layout-9d6595d7 wp-block-columns-is-layout-flex eplus-styles-uid-f4909a\"><div class=\"edplus_anim-TJIgLv wp-block-column is-vertically-aligned-center eplus-wrapper is-layout-flow wp-block-column-is-layout-flow eplus-styles-uid-a4f4c0\" style=\"flex-basis:66.66%\">\n<figure class=\"is-style-rounded wp-block-image size-full eplus-wrapper\"><img loading=\"lazy\" decoding=\"async\" width=\"740\" height=\"493\" src=\"https:\/\/tandartsdoornenburg.nl\/wp-content\/uploads\/2025\/08\/beautiful-woman-using-dental-floss-cleaning-her-teeth-bathroom_637285-3380.jpg\" alt=\"\" class=\"wp-image-205\" srcset=\"https:\/\/tandartsdoornenburg.nl\/wp-content\/uploads\/2025\/08\/beautiful-woman-using-dental-floss-cleaning-her-teeth-bathroom_637285-3380.jpg 740w, https:\/\/tandartsdoornenburg.nl\/wp-content\/uploads\/2025\/08\/beautiful-woman-using-dental-floss-cleaning-her-teeth-bathroom_637285-3380-300x200.jpg 300w\" sizes=\"auto, (max-width: 740px) 100vw, 740px\" \/><\/figure>\n<\/div>\n\n<div class=\"edplus_anim-TJIgLv wp-block-column is-vertically-aligned-center eplus-wrapper is-layout-flow wp-block-column-is-layout-flow eplus-styles-uid-a4f4c0\" style=\"flex-basis:33.33%\">\n<p class=\"has-text-align-center has-text-color has-link-color eplus-wrapper wp-elements-cb1411ff951778702b20638af8efec3e\" style=\"color:#148ab8;font-size:28px\">Mondhygi\u00ebne<\/p>\n<\/div><\/div>\n\n\n<p class=\" has-text-align-center has-medium-font-size eplus-wrapper\">Email: <a href=\"mailto:info@tandartspraktijkdoornenburg.nl\">info@tandartspraktijkdoornenburg.nl<\/a> Tel: <a href=\"tel:0481424009\" class=\"\">0481 424 009<\/a><\/p>\n\n\n\n<p class=\" eplus-wrapper\"><\/p>\n\n\n\n<p class=\"has-text-align-center has-text-color has-link-color has-medium-font-size eplus-wrapper wp-elements-0e280fb48bbf2ab394d815ff6167aec1\" style=\"color:#148ab8\">Wat is Mondhygi\u00ebne en Gebitsreiniging?<\/p>\n\n\n\n<p class=\" eplus-wrapper\">Mondhygi\u00ebne en gebitsreiniging omvatten een professionele behandeling waarbij tandplak en tandsteen worden verwijderd, en uw tanden worden gepolijst. Dit helpt niet alleen om uw gebit schoon te houden, maar ook om tandvleesproblemen en gaatjes te voorkomen. Onze mondhygi\u00ebnisten geven daarnaast advies over hoe u uw mondhygi\u00ebne thuis kunt verbeteren.<\/p>\n\n\n\n<p class=\" eplus-wrapper\">Een goede mondhygi\u00ebne is de basis van een gezond gebit. Bij Tandartspraktijk Doornenburg bieden wij professionele gebitsreiniging om tandplak, tandsteen en andere problemen te verwijderen. Onze ervaren mondhygi\u00ebnisten helpen u graag om uw mondgezondheid te verbeteren en tandproblemen te voorkomen.<\/p>\n\n\n\n<p class=\" eplus-wrapper\"><\/p>\n\n\n<div class=\"su-spoiler su-spoiler-style-fancy su-spoiler-icon-arrow su-spoiler-closed\" data-scroll-offset=\"0\" data-anchor-in-url=\"no\"><div class=\"su-spoiler-title\" tabindex=\"0\" role=\"button\"><span class=\"su-spoiler-icon\"><\/span>Wanneer naar de mondhygi\u00ebnist?<\/div><div class=\"su-spoiler-content su-u-clearfix su-u-trim\">Bloedend tandvlees, een slechte adem, of teruggetrokken tandvlees zijn signalen om een afspraak te maken. Ook bij diabetes, hart- en vaatziekten of wanneer je regelmatig gaatjes hebt, is een bezoek aan de mondhygi\u00ebnist aan te raden.<\/div><\/div>\n\n\n<div class=\"su-spoiler su-spoiler-style-fancy su-spoiler-icon-arrow su-spoiler-closed\" data-scroll-offset=\"0\" data-anchor-in-url=\"no\"><div class=\"su-spoiler-title\" tabindex=\"0\" role=\"button\"><span class=\"su-spoiler-icon\"><\/span>Wat doet een mondhygi\u00ebnist?<\/div><div class=\"su-spoiler-content su-u-clearfix su-u-trim\">Een mondhygi\u00ebnist is gespecialiseerd in het voorkomen en behandelen van tandvleesproblemen, het geven van mondhygi\u00ebne instructies, en het verwijderen van tandplak en tandsteen.<\/div><\/div>\n\n\n<div class=\"su-spoiler su-spoiler-style-fancy su-spoiler-icon-arrow su-spoiler-closed\" data-scroll-offset=\"0\" data-anchor-in-url=\"no\"><div class=\"su-spoiler-title\" tabindex=\"0\" role=\"button\"><span class=\"su-spoiler-icon\"><\/span>Wat kan ik zelf doen?<\/div><div class=\"su-spoiler-content su-u-clearfix su-u-trim\">Poets je tanden tweemaal per dag met fluoride tandpasta en gebruik flos of ragers om tussen je tanden en kiezen schoon te maken. Vermijd suikerhoudende voeding en dranken, en beperk zure producten.<\/div><\/div>\n\n\n<div class=\"su-spoiler su-spoiler-style-fancy su-spoiler-icon-arrow su-spoiler-closed\" data-scroll-offset=\"0\" data-anchor-in-url=\"no\"><div class=\"su-spoiler-title\" tabindex=\"0\" role=\"button\"><span class=\"su-spoiler-icon\"><\/span>Wat is het verschil tussen een tandarts en een mondhygi\u00ebnist?<\/div><div class=\"su-spoiler-content su-u-clearfix su-u-trim\">Een tandarts is verantwoordelijk voor de algehele mondgezondheid en behandelt o.a. gaatjes en andere gebitsproblemen. Een mondhygi\u00ebnist richt zich meer op preventie en het behandelen van tandvleesproblemen.<\/div><\/div>\n\n\n\n<p class=\" eplus-wrapper\"><\/p>\n","protected":false},"excerpt":{"rendered":"<p>Mondhygi\u00ebne Email: info@tandartspraktijkdoornenburg.nl Tel: 0481 424 009 Wat is Mondhygi\u00ebne en Gebitsreiniging? Mondhygi\u00ebne en gebitsreiniging omvatten een professionele behandeling waarbij<span class=\"exprt-dot\"><\/span><\/p>\n","protected":false},"author":1,"featured_media":0,"parent":0,"menu_order":0,"comment_status":"closed","ping_status":"closed","template":"","meta":{"editor_plus_copied_stylings":"{}","footnotes":""},"class_list":["post-120","page","type-page","status-publish","hentry"],"_links":{"self":[{"href":"https:\/\/tandartsdoornenburg.nl\/index.php?rest_route=\/wp\/v2\/pages\/120","targetHints":{"allow":["GET"]}}],"collection":[{"href":"https:\/\/tandartsdoornenburg.nl\/index.php?rest_route=\/wp\/v2\/pages"}],"about":[{"href":"https:\/\/tandartsdoornenburg.nl\/index.php?rest_route=\/wp\/v2\/types\/page"}],"author":[{"embeddable":true,"href":"https:\/\/tandartsdoornenburg.nl\/index.php?rest_route=\/wp\/v2\/users\/1"}],"replies":[{"embeddable":true,"href":"https:\/\/tandartsdoornenburg.nl\/index.php?rest_route=%2Fwp%2Fv2%2Fcomments&post=120"}],"version-history":[{"count":6,"href":"https:\/\/tandartsdoornenburg.nl\/index.php?rest_route=\/wp\/v2\/pages\/120\/revisions"}],"predecessor-version":[{"id":400,"href":"https:\/\/tandartsdoornenburg.nl\/index.php?rest_route=\/wp\/v2\/pages\/120\/revisions\/400"}],"wp:attachment":[{"href":"https:\/\/tandartsdoornenburg.nl\/index.php?rest_route=%2Fwp%2Fv2%2Fmedia&parent=120"}],"curies":[{"name":"wp","href":"https:\/\/api.w.org\/{rel}","templated":true}]}}